{"id":872,"date":"2021-12-14T15:13:13","date_gmt":"2021-12-14T14:13:13","guid":{"rendered":"https:\/\/akchourermitage.com\/home\/?page_id=872"},"modified":"2022-07-13T00:58:24","modified_gmt":"2022-07-12T23:58:24","slug":"privacy-policy","status":"publish","type":"page","link":"https:\/\/akchourermitage.com\/home\/fr\/privacy-policy\/","title":{"rendered":"Politique de confidentialit\u00e9"},"content":{"rendered":"<div data-elementor-type=\"wp-page\" data-elementor-id=\"872\" class=\"elementor elementor-872\" data-elementor-post-type=\"page\">\n\t\t\t\t\t\t<section class=\"elementor-section elementor-top-section elementor-element elementor-element-b5a106d elementor-section-full_width elementor-section-height-default elementor-section-height-default\" data-id=\"b5a106d\" data-element_type=\"section\" data-e-type=\"section\">\n\t\t\t\t\t\t<div class=\"elementor-container elementor-column-gap-default\">\n\t\t\t\t\t<div class=\"elementor-column elementor-col-100 elementor-top-column elementor-element elementor-element-595149c\" data-id=\"595149c\" data-element_type=\"column\" data-e-type=\"column\">\n\t\t\t<div class=\"elementor-widget-wrap elementor-element-populated\">\n\t\t\t\t\t\t<section class=\"elementor-section elementor-inner-section elementor-element elementor-element-5d8b83a elementor-section-boxed elementor-section-height-default elementor-section-height-default\" data-id=\"5d8b83a\" data-element_type=\"section\" data-e-type=\"section\">\n\t\t\t\t\t\t<div class=\"elementor-container elementor-column-gap-default\">\n\t\t\t\t\t<div class=\"elementor-column elementor-col-100 elementor-inner-column elementor-element elementor-element-5f940fa\" data-id=\"5f940fa\" data-element_type=\"column\" data-e-type=\"column\">\n\t\t\t<div class=\"elementor-widget-wrap elementor-element-populated\">\n\t\t\t\t\t\t<div class=\"elementor-element elementor-element-11cbe33 elementor-widget elementor-widget-heading\" data-id=\"11cbe33\" data-element_type=\"widget\" data-e-type=\"widget\" data-widget_type=\"heading.default\">\n\t\t\t\t<div class=\"elementor-widget-container\">\n\t\t\t\t\t<h1 class=\"elementor-heading-title elementor-size-default\">Politique de confidentialit\u00e9<\/h1>\t\t\t\t<\/div>\n\t\t\t\t<\/div>\n\t\t\t\t<div class=\"elementor-element elementor-element-df9dbe0 elementor-widget elementor-widget-text-editor\" data-id=\"df9dbe0\" data-element_type=\"widget\" data-e-type=\"widget\" data-widget_type=\"text-editor.default\">\n\t\t\t\t<div class=\"elementor-widget-container\">\n\t\t\t\t\t\t\t\t\t<p>Cette politique de confidentialit\u00e9 d\u00e9crit comment <strong>Ermitage Akchour <\/strong> utilise et prot\u00e8ge les informations que vous fournissez <strong>nous<\/strong> lorsque vous utilisez ce site Web.<\/p><p><strong>Ermitage Akchour<\/strong> s'engage \u00e0 veiller \u00e0 ce que votre vie priv\u00e9e soit prot\u00e9g\u00e9e. Si nous vous demandons de fournir certaines informations permettant de vous identifier lors de l'utilisation de ce site Web, vous pouvez \u00eatre assur\u00e9 qu'elles ne seront utilis\u00e9es que conform\u00e9ment \u00e0 la pr\u00e9sente d\u00e9claration de confidentialit\u00e9. <strong>Ermitage Akchour<\/strong> peut modifier cette politique de temps \u00e0 autre en mettant \u00e0 jour cette page. Vous devriez v\u00e9rifier cette page de temps en temps pour vous assurer que vous \u00eates satisfait de tout changement.<\/p>\t\t\t\t\t\t\t\t<\/div>\n\t\t\t\t<\/div>\n\t\t\t\t<div class=\"elementor-element elementor-element-72d928a elementor-widget elementor-widget-spacer\" data-id=\"72d928a\" data-element_type=\"widget\" data-e-type=\"widget\" data-widget_type=\"spacer.default\">\n\t\t\t\t<div class=\"elementor-widget-container\">\n\t\t\t\t\t\t\t<div class=\"elementor-spacer\">\n\t\t\t<div class=\"elementor-spacer-inner\"><\/div>\n\t\t<\/div>\n\t\t\t\t\t\t<\/div>\n\t\t\t\t<\/div>\n\t\t\t\t<div class=\"elementor-element elementor-element-a0be2a6 elementor-widget elementor-widget-heading\" data-id=\"a0be2a6\" data-element_type=\"widget\" data-e-type=\"widget\" data-widget_type=\"heading.default\">\n\t\t\t\t<div class=\"elementor-widget-container\">\n\t\t\t\t\t<h2 class=\"elementor-heading-title elementor-size-default\">Que collectons-nous ?<\/h2>\t\t\t\t<\/div>\n\t\t\t\t<\/div>\n\t\t\t\t<div class=\"elementor-element elementor-element-0596ce4 elementor-widget elementor-widget-text-editor\" data-id=\"0596ce4\" data-element_type=\"widget\" data-e-type=\"widget\" data-widget_type=\"text-editor.default\">\n\t\t\t\t<div class=\"elementor-widget-container\">\n\t\t\t\t\t\t\t\t\tNous pouvons collecter les informations suivantes\u00a0: nom et titre du poste, informations de contact, y compris l'adresse e-mail, informations d\u00e9mographiques, telles que le code postal, les pr\u00e9f\u00e9rences et les int\u00e9r\u00eats, d'autres informations pertinentes pour les enqu\u00eates et\/ou les offres des clients.\t\t\t\t\t\t\t\t<\/div>\n\t\t\t\t<\/div>\n\t\t\t\t<div class=\"elementor-element elementor-element-1538e0c elementor-widget elementor-widget-spacer\" data-id=\"1538e0c\" data-element_type=\"widget\" data-e-type=\"widget\" data-widget_type=\"spacer.default\">\n\t\t\t\t<div class=\"elementor-widget-container\">\n\t\t\t\t\t\t\t<div class=\"elementor-spacer\">\n\t\t\t<div class=\"elementor-spacer-inner\"><\/div>\n\t\t<\/div>\n\t\t\t\t\t\t<\/div>\n\t\t\t\t<\/div>\n\t\t\t\t<div class=\"elementor-element elementor-element-5b875fd elementor-widget elementor-widget-heading\" data-id=\"5b875fd\" data-element_type=\"widget\" data-e-type=\"widget\" data-widget_type=\"heading.default\">\n\t\t\t\t<div class=\"elementor-widget-container\">\n\t\t\t\t\t<h2 class=\"elementor-heading-title elementor-size-default\">Que faisons-nous des informations que nous recueillons ?\n<\/h2>\t\t\t\t<\/div>\n\t\t\t\t<\/div>\n\t\t\t\t<div class=\"elementor-element elementor-element-bdf1213 elementor-widget elementor-widget-text-editor\" data-id=\"bdf1213\" data-element_type=\"widget\" data-e-type=\"widget\" data-widget_type=\"text-editor.default\">\n\t\t\t\t<div class=\"elementor-widget-container\">\n\t\t\t\t\t\t\t\t\tNous avons besoin de ces informations pour comprendre vos besoins et vous fournir un meilleur service, notamment pour les raisons suivantes : Enregistrement interne Nous pouvons utiliser ces informations pour am\u00e9liorer nos produits et services. Nous pouvons envoyer p\u00e9riodiquement des e-mails promotionnels sur de nouveaux produits, des offres sp\u00e9ciales ou d'autres informations que nous pensons susceptibles de vous int\u00e9resser, en utilisant l'adresse e-mail que vous avez fournie.\nDe temps \u00e0 autre, nous pouvons \u00e9galement utiliser vos informations pour vous contacter \u00e0 des fins d'\u00e9tudes de march\u00e9. Nous pouvons vous contacter par e-mail, t\u00e9l\u00e9phone, fax ou courrier. Nous pouvons utiliser les informations pour personnaliser le site Web en fonction de vos int\u00e9r\u00eats. \t\t\t\t\t\t\t\t<\/div>\n\t\t\t\t<\/div>\n\t\t\t\t<div class=\"elementor-element elementor-element-a8d6360 elementor-widget elementor-widget-spacer\" data-id=\"a8d6360\" data-element_type=\"widget\" data-e-type=\"widget\" data-widget_type=\"spacer.default\">\n\t\t\t\t<div class=\"elementor-widget-container\">\n\t\t\t\t\t\t\t<div class=\"elementor-spacer\">\n\t\t\t<div class=\"elementor-spacer-inner\"><\/div>\n\t\t<\/div>\n\t\t\t\t\t\t<\/div>\n\t\t\t\t<\/div>\n\t\t\t\t<div class=\"elementor-element elementor-element-bcd80c6 elementor-widget elementor-widget-heading\" data-id=\"bcd80c6\" data-element_type=\"widget\" data-e-type=\"widget\" data-widget_type=\"heading.default\">\n\t\t\t\t<div class=\"elementor-widget-container\">\n\t\t\t\t\t<h2 class=\"elementor-heading-title elementor-size-default\">S\u00e9curit\u00e9<\/h2>\t\t\t\t<\/div>\n\t\t\t\t<\/div>\n\t\t\t\t<div class=\"elementor-element elementor-element-4fd4ad6 elementor-widget elementor-widget-text-editor\" data-id=\"4fd4ad6\" data-element_type=\"widget\" data-e-type=\"widget\" data-widget_type=\"text-editor.default\">\n\t\t\t\t<div class=\"elementor-widget-container\">\n\t\t\t\t\t\t\t\t\t<p>Nous nous engageons \u00e0 assurer la s\u00e9curit\u00e9 de vos informations. Afin d'emp\u00eacher tout acc\u00e8s ou divulgation non autoris\u00e9s, nous avons mis en place des proc\u00e9dures physiques, \u00e9lectroniques et de gestion appropri\u00e9es pour sauvegarder et s\u00e9curiser les informations que nous collectons en ligne.<\/p>\t\t\t\t\t\t\t\t<\/div>\n\t\t\t\t<\/div>\n\t\t\t\t<div class=\"elementor-element elementor-element-9599524 elementor-widget elementor-widget-spacer\" data-id=\"9599524\" data-element_type=\"widget\" data-e-type=\"widget\" data-widget_type=\"spacer.default\">\n\t\t\t\t<div class=\"elementor-widget-container\">\n\t\t\t\t\t\t\t<div class=\"elementor-spacer\">\n\t\t\t<div class=\"elementor-spacer-inner\"><\/div>\n\t\t<\/div>\n\t\t\t\t\t\t<\/div>\n\t\t\t\t<\/div>\n\t\t\t\t<div class=\"elementor-element elementor-element-2fbb66b elementor-widget elementor-widget-heading\" data-id=\"2fbb66b\" data-element_type=\"widget\" data-e-type=\"widget\" data-widget_type=\"heading.default\">\n\t\t\t\t<div class=\"elementor-widget-container\">\n\t\t\t\t\t<h2 class=\"elementor-heading-title elementor-size-default\">Comment nous utilisons les cookies<\/h2>\t\t\t\t<\/div>\n\t\t\t\t<\/div>\n\t\t\t\t<div class=\"elementor-element elementor-element-e37434c elementor-widget elementor-widget-text-editor\" data-id=\"e37434c\" data-element_type=\"widget\" data-e-type=\"widget\" data-widget_type=\"text-editor.default\">\n\t\t\t\t<div class=\"elementor-widget-container\">\n\t\t\t\t\t\t\t\t\tUn cookie est un petit fichier qui demande la permission d'\u00eatre plac\u00e9 sur le disque dur de votre ordinateur. Une fois que vous \u00eates d'accord, le fichier est ajout\u00e9 et le cookie aide \u00e0 analyser le trafic Web ou vous permet de savoir quand vous visitez un site particulier. Les cookies permettent aux applications Web de vous r\u00e9pondre en tant qu'individu. L'application Web peut adapter ses op\u00e9rations \u00e0 votre\nvos besoins, vos go\u00fbts et vos aversions en rassemblant et en m\u00e9morisant des informations sur vos pr\u00e9f\u00e9rences. Nous utilisons des cookies de journal de trafic pour identifier les pages qui sont utilis\u00e9es. Cela nous aide \u00e0 analyser les donn\u00e9es sur le trafic des pages Web et \u00e0 am\u00e9liorer notre site Web afin de l'adapter aux besoins des clients. Nous n'utilisons ces informations qu'\u00e0 des fins d'analyse statistique, puis les donn\u00e9es sont supprim\u00e9es du syst\u00e8me. Dans l'ensemble, les cookies nous aident \u00e0 vous fournir un meilleur site Web en nous permettant de surveiller les pages que vous trouvez utiles et celles que vous ne trouvez pas. Un cookie ne nous donne en aucun cas acc\u00e8s \u00e0 votre ordinateur ou \u00e0 des informations vous concernant, autres que les donn\u00e9es que vous choisissez de partager avec nous. Tu peux choisir d'accepter ou de refuser les cookies. La plupart des navigateurs Web acceptent automatiquement les cookies, mais vous pouvez g\u00e9n\u00e9ralement modifier les param\u00e8tres de votre navigateur pour refuser les cookies si vous pr\u00e9f\u00e9rez. Cela peut vous emp\u00eacher de profiter pleinement du site Web.\t\t\t\t\t\t\t\t<\/div>\n\t\t\t\t<\/div>\n\t\t\t\t<div class=\"elementor-element elementor-element-b0a884a elementor-widget elementor-widget-spacer\" data-id=\"b0a884a\" data-element_type=\"widget\" data-e-type=\"widget\" data-widget_type=\"spacer.default\">\n\t\t\t\t<div class=\"elementor-widget-container\">\n\t\t\t\t\t\t\t<div class=\"elementor-spacer\">\n\t\t\t<div class=\"elementor-spacer-inner\"><\/div>\n\t\t<\/div>\n\t\t\t\t\t\t<\/div>\n\t\t\t\t<\/div>\n\t\t\t\t<div class=\"elementor-element elementor-element-6bfca2c elementor-widget elementor-widget-heading\" data-id=\"6bfca2c\" data-element_type=\"widget\" data-e-type=\"widget\" data-widget_type=\"heading.default\">\n\t\t\t\t<div class=\"elementor-widget-container\">\n\t\t\t\t\t<h2 class=\"elementor-heading-title elementor-size-default\">Liens vers d'autres sites Web<\/h2>\t\t\t\t<\/div>\n\t\t\t\t<\/div>\n\t\t\t\t<div class=\"elementor-element elementor-element-a31b31f elementor-widget elementor-widget-text-editor\" data-id=\"a31b31f\" data-element_type=\"widget\" data-e-type=\"widget\" data-widget_type=\"text-editor.default\">\n\t\t\t\t<div class=\"elementor-widget-container\">\n\t\t\t\t\t\t\t\t\tNotre site Web peut contenir des liens vers d'autres sites Web d'int\u00e9r\u00eat. Cependant, une fois que vous avez utilis\u00e9 ces liens pour quitter notre site, vous devez noter que nous n'avons aucun contr\u00f4le sur cet autre site Web. Par cons\u00e9quent, nous ne pouvons \u00eatre tenus responsables de la protection et de la confidentialit\u00e9 des informations que vous fournissez lors de la visite de ces sites, et ces sites ne sont pas r\u00e9gis par la pr\u00e9sente d\u00e9claration de confidentialit\u00e9. Vous devez faire preuve de prudence et consulter la d\u00e9claration de confidentialit\u00e9 applicable au site Web en question.\t\t\t\t\t\t\t\t<\/div>\n\t\t\t\t<\/div>\n\t\t\t\t<div class=\"elementor-element elementor-element-59936c5 elementor-widget elementor-widget-spacer\" data-id=\"59936c5\" data-element_type=\"widget\" data-e-type=\"widget\" data-widget_type=\"spacer.default\">\n\t\t\t\t<div class=\"elementor-widget-container\">\n\t\t\t\t\t\t\t<div class=\"elementor-spacer\">\n\t\t\t<div class=\"elementor-spacer-inner\"><\/div>\n\t\t<\/div>\n\t\t\t\t\t\t<\/div>\n\t\t\t\t<\/div>\n\t\t\t\t<div class=\"elementor-element elementor-element-c3bb334 elementor-widget elementor-widget-heading\" data-id=\"c3bb334\" data-element_type=\"widget\" data-e-type=\"widget\" data-widget_type=\"heading.default\">\n\t\t\t\t<div class=\"elementor-widget-container\">\n\t\t\t\t\t<h2 class=\"elementor-heading-title elementor-size-default\">Contr\u00f4le de vos informations personnelles<\/h2>\t\t\t\t<\/div>\n\t\t\t\t<\/div>\n\t\t\t\t<div class=\"elementor-element elementor-element-3df8ebd elementor-widget elementor-widget-text-editor\" data-id=\"3df8ebd\" data-element_type=\"widget\" data-e-type=\"widget\" data-widget_type=\"text-editor.default\">\n\t\t\t\t<div class=\"elementor-widget-container\">\n\t\t\t\t\t\t\t\t\tVous pouvez choisir de restreindre la collecte ou l'utilisation de vos informations personnelles des mani\u00e8res suivantes\u00a0:\nChaque fois que vous \u00eates invit\u00e9 \u00e0 remplir un formulaire sur le site Web, vous aurez toujours la possibilit\u00e9 de vous d\u00e9sinscrire ou d'\u00eatre retir\u00e9 de tout envoi ou marketing. Si vous avez pr\u00e9alablement accept\u00e9 que nous utilisions vos informations personnelles \u00e0 des fins de marketing direct.\t\t\t\t\t\t\t\t<\/div>\n\t\t\t\t<\/div>\n\t\t\t\t<div class=\"elementor-element elementor-element-76c0786 elementor-widget elementor-widget-text-editor\" data-id=\"76c0786\" data-element_type=\"widget\" data-e-type=\"widget\" data-widget_type=\"text-editor.default\">\n\t\t\t\t<div class=\"elementor-widget-container\">\n\t\t\t\t\t\t\t\t\t<p>Vous pouvez changer d'avis \u00e0 tout moment en nous \u00e9crivant ou en nous envoyant un courriel \u00e0 : <strong>akchour.ermitage@gmail.com <\/strong><\/p><p>Nous ne vendrons, ne distribuerons ni ne louerons vos informations personnelles \u00e0 des tiers \u00e0 moins que nous n'ayons votre permission ou que la loi ne nous oblige \u00e0 le faire. Nous pouvons utiliser vos informations personnelles pour vous envoyer des informations promotionnelles sur des tiers que nous pensons susceptibles de vous int\u00e9resser si vous nous dites que vous souhaitez que cela se produise. Vous pouvez demander des d\u00e9tails sur les informations personnelles que nous d\u00e9tenons \u00e0 votre sujet en vertu de la loi sur la protection des donn\u00e9es de 1998. Une somme modique sera payable. Si vous souhaitez obtenir une copie des informations d\u00e9tenues sur vous, veuillez \u00e9crire \u00e0 : <strong>akchour.ermitage@gmail.com <\/strong>Si vous pensez que les informations que nous d\u00e9tenons sur vous sont incorrectes ou incompl\u00e8tes, veuillez nous \u00e9crire d\u00e8s que possible \u00e0 l'adresse ci-dessus. ou \u00e9crivez-nous \u00e0 : <strong>akchour.ermitage@gmail.com<\/strong><\/p>\t\t\t\t\t\t\t\t<\/div>\n\t\t\t\t<\/div>\n\t\t\t\t<div class=\"elementor-element elementor-element-b8cfbb7 elementor-widget elementor-widget-spacer\" data-id=\"b8cfbb7\" data-element_type=\"widget\" data-e-type=\"widget\" data-widget_type=\"spacer.default\">\n\t\t\t\t<div class=\"elementor-widget-container\">\n\t\t\t\t\t\t\t<div class=\"elementor-spacer\">\n\t\t\t<div class=\"elementor-spacer-inner\"><\/div>\n\t\t<\/div>\n\t\t\t\t\t\t<\/div>\n\t\t\t\t<\/div>\n\t\t\t\t\t<\/div>\n\t\t<\/div>\n\t\t\t\t\t<\/div>\n\t\t<\/section>\n\t\t\t\t\t<\/div>\n\t\t<\/div>\n\t\t\t\t\t<\/div>\n\t\t<\/section>\n\t\t\t\t<\/div>","protected":false},"excerpt":{"rendered":"<p>Privacy Policy This privacy policy describes how Ermitage Akchour uses and protects any information that you give us when you use this website. Ermitage Akchour is committed to ensuring that your privacy is protected. Should we ask you to provide certain information by which you can be identified when using this website, then you can [&hellip;]<\/p>\n","protected":false},"author":4,"featured_media":0,"parent":0,"menu_order":0,"comment_status":"closed","ping_status":"closed","template":"elementor_header_footer","meta":{"footnotes":""},"class_list":["post-872","page","type-page","status-publish","hentry"],"_links":{"self":[{"href":"https:\/\/akchourermitage.com\/home\/fr\/wp-json\/wp\/v2\/pages\/872","targetHints":{"allow":["GET"]}}],"collection":[{"href":"https:\/\/akchourermitage.com\/home\/fr\/wp-json\/wp\/v2\/pages"}],"about":[{"href":"https:\/\/akchourermitage.com\/home\/fr\/wp-json\/wp\/v2\/types\/page"}],"author":[{"embeddable":true,"href":"https:\/\/akchourermitage.com\/home\/fr\/wp-json\/wp\/v2\/users\/4"}],"replies":[{"embeddable":true,"href":"https:\/\/akchourermitage.com\/home\/fr\/wp-json\/wp\/v2\/comments?post=872"}],"version-history":[{"count":24,"href":"https:\/\/akchourermitage.com\/home\/fr\/wp-json\/wp\/v2\/pages\/872\/revisions"}],"predecessor-version":[{"id":2823,"href":"https:\/\/akchourermitage.com\/home\/fr\/wp-json\/wp\/v2\/pages\/872\/revisions\/2823"}],"wp:attachment":[{"href":"https:\/\/akchourermitage.com\/home\/fr\/wp-json\/wp\/v2\/media?parent=872"}],"curies":[{"name":"wp","href":"https:\/\/api.w.org\/{rel}","templated":true}]}}