{"id":1053,"date":"2021-12-22T16:57:07","date_gmt":"2021-12-22T15:57:07","guid":{"rendered":"https:\/\/akchourermitage.com\/home\/?page_id=1053"},"modified":"2022-12-22T23:46:54","modified_gmt":"2022-12-22T22:46:54","slug":"art-sipirutality","status":"publish","type":"page","link":"https:\/\/akchourermitage.com\/home\/fr\/art-sipirutality\/","title":{"rendered":"ART &amp; SPIRITUALITE"},"content":{"rendered":"<div data-elementor-type=\"wp-page\" data-elementor-id=\"1053\" class=\"elementor elementor-1053\" data-elementor-post-type=\"page\">\n\t\t\t\t\t\t<section class=\"elementor-section elementor-top-section elementor-element elementor-element-60c2ba8b elementor-section-full_width elementor-section-height-min-height elementor-section-items-stretch elementor-section-content-bottom elementor-section-stretched hero elementor-section-height-default\" data-id=\"60c2ba8b\" data-element_type=\"section\" data-e-type=\"section\" data-settings=\"{&quot;stretch_section&quot;:&quot;section-stretched&quot;}\">\n\t\t\t\t\t\t<div class=\"elementor-container elementor-column-gap-no\">\n\t\t\t\t\t<div class=\"elementor-column elementor-col-100 elementor-top-column elementor-element elementor-element-2d71245d\" data-id=\"2d71245d\" data-element_type=\"column\" data-e-type=\"column\">\n\t\t\t<div class=\"elementor-widget-wrap elementor-element-populated\">\n\t\t\t\t\t\t<section class=\"elementor-section elementor-inner-section elementor-element elementor-element-64ec0928 elementor-section-content-middle elementor-section-boxed elementor-section-height-default elementor-section-height-default\" data-id=\"64ec0928\" data-element_type=\"section\" data-e-type=\"section\" id=\"sec-section\" data-settings=\"{&quot;background_background&quot;:&quot;classic&quot;}\">\n\t\t\t\t\t\t<div class=\"elementor-container elementor-column-gap-default\">\n\t\t\t\t\t<div class=\"elementor-column elementor-col-100 elementor-inner-column elementor-element elementor-element-7cc455ed room-text-2\" data-id=\"7cc455ed\" data-element_type=\"column\" data-e-type=\"column\">\n\t\t\t<div class=\"elementor-widget-wrap elementor-element-populated\">\n\t\t\t\t\t\t<div class=\"elementor-element elementor-element-ccc1eae elementor-widget elementor-widget-heading\" data-id=\"ccc1eae\" data-element_type=\"widget\" data-e-type=\"widget\" data-widget_type=\"heading.default\">\n\t\t\t\t<div class=\"elementor-widget-container\">\n\t\t\t\t\t<h2 class=\"elementor-heading-title elementor-size-default\">\u201cWhat you seek is seeking you\u201d<\/h2>\t\t\t\t<\/div>\n\t\t\t\t<\/div>\n\t\t\t\t<div class=\"elementor-element elementor-element-70368e57 elementor-widget elementor-widget-heading\" data-id=\"70368e57\" data-element_type=\"widget\" data-e-type=\"widget\" data-widget_type=\"heading.default\">\n\t\t\t\t<div class=\"elementor-widget-container\">\n\t\t\t\t\t<p class=\"elementor-heading-title elementor-size-default\">L\u2019Ermitage est une terre sp\u00e9ciale et sacr\u00e9e. C'est un sanctuaire pour l'\u00e2me. Un endroit pour tourner votre voyage vers l'int\u00e9rieur afin de devenir un explorateur de vous-m\u00eame, pour trouver un lien plus profond avec notre plan\u00e8te. Nous vous accueillons chez nous, pour retrouver la s\u00e9r\u00e9nit\u00e9, l\u00e0 o\u00f9 les alentours se fondent l'un dans l'autre. Nous honorons cet endroit en vivant selon ses principes et en partageant nos connaissances. L'initiateur, cr\u00e9ateur et architecte de L'Ermitage est Ahmed Saad Zniber, il a cr\u00e9e ce lieu dans le but d'en partager la magie, ainsi que toute la sagesse qui l'habite.<\/p>\t\t\t\t<\/div>\n\t\t\t\t<\/div>\n\t\t\t\t\t<\/div>\n\t\t<\/div>\n\t\t\t\t\t<\/div>\n\t\t<\/section>\n\t\t\t\t\t<\/div>\n\t\t<\/div>\n\t\t\t\t\t<\/div>\n\t\t<\/section>\n\t\t\t\t<section class=\"elementor-section elementor-top-section elementor-element elementor-element-c2f0d87 elementor-section-full_width elementor-section-content-middle elementor-section-stretched elementor-section-height-default elementor-section-height-default\" data-id=\"c2f0d87\" data-element_type=\"section\" data-e-type=\"section\" data-settings=\"{&quot;stretch_section&quot;:&quot;section-stretched&quot;}\">\n\t\t\t\t\t\t<div class=\"elementor-container elementor-column-gap-no\">\n\t\t\t\t\t<div class=\"elementor-column elementor-col-100 elementor-top-column elementor-element elementor-element-43932328\" data-id=\"43932328\" data-element_type=\"column\" data-e-type=\"column\">\n\t\t\t<div class=\"elementor-widget-wrap elementor-element-populated\">\n\t\t\t\t\t\t<section class=\"elementor-section elementor-inner-section elementor-element elementor-element-723e327b elementor-section-full_width nature-inner-section elementor-reverse-mobile elementor-section-height-min-height elementor-section-height-default\" data-id=\"723e327b\" data-element_type=\"section\" data-e-type=\"section\">\n\t\t\t\t\t\t<div class=\"elementor-container elementor-column-gap-no\">\n\t\t\t\t\t<div class=\"elementor-column elementor-col-50 elementor-inner-column elementor-element elementor-element-70e9c24d nature-col1\" data-id=\"70e9c24d\" data-element_type=\"column\" data-e-type=\"column\">\n\t\t\t<div class=\"elementor-widget-wrap elementor-element-populated\">\n\t\t\t\t\t\t<div class=\"elementor-element elementor-element-5b22a7 elementor-widget elementor-widget-heading\" data-id=\"5b22a7\" data-element_type=\"widget\" data-e-type=\"widget\" data-widget_type=\"heading.default\">\n\t\t\t\t<div class=\"elementor-widget-container\">\n\t\t\t\t\t<h2 class=\"elementor-heading-title elementor-size-default\">Ahmed Saad Zniber<\/h2>\t\t\t\t<\/div>\n\t\t\t\t<\/div>\n\t\t\t\t<div class=\"elementor-element elementor-element-1bccd7be elementor-widget__width-initial elementor-widget elementor-widget-text-editor\" data-id=\"1bccd7be\" data-element_type=\"widget\" data-e-type=\"widget\" data-widget_type=\"text-editor.default\">\n\t\t\t\t<div class=\"elementor-widget-container\">\n\t\t\t\t\t\t\t\t\t<p>Ahmed Saad Zniber est un mystique marocain, artiste, th\u00e9rapeute, entrepreneur social et architecte dont le parcours se situe au carrefour des spiritualit\u00e9s contemporaines du monde, tout en restant inspir\u00e9 par l'h\u00e9ritage du soufisme marocain et universel.<\/p><p>Apr\u00e8s plusieurs d\u00e9cennies d'engagement culturel et social dans de nombreux domaines de la solidarit\u00e9, du d\u00e9veloppement durable, du patrimoine culturel et spirituel au Maroc, il s'est implant\u00e9 pr\u00e8s d'Akchour en cr\u00e9ant L'Ermitage, nich\u00e9 dans les for\u00eats montagneuses du Rif, non loin du Mausol\u00e9e du grand soufi Si Abdeslam Ibn Mashish.<\/p><p>En 2018, apr\u00e8s de longues ann\u00e9es de pr\u00e9paration, il a inspir\u00e9 l'id\u00e9e d'une Multiversit\u00e9. Cr\u00e9er et promouvoir une initiative pour un collectif de personnes sensibles qui partagent l'inspiration commune d'une spiritualit\u00e9 ouverte et bienveillante pour notre temps.<\/p><p>Aujourd'hui, \u00e0 travers sa musique, son art et son enseignement, c'est une invitation \u00e0 voir notre infini, notre humanit\u00e9, en puisant dans les enseignements de la sagesse universelle au c\u0153ur du soufisme. Pour nous permettre d'entrer en r\u00e9sonance avec le moi profond afin de nous r\u00e9v\u00e9ler \u00e0 nous-m\u00eame.<\/p><p>Avec ses ateliers, la musique et l'art, vous voyagerez \u00e0 travers la matrice, aborderez diverses th\u00e9matiques qui \u00e9claireront sur nous-m\u00eames, les autres et la cr\u00e9ation, le but \u00e9tant que chacun puisse s'approprier les outils pour accompagner son propre cheminement.<\/p>\t\t\t\t\t\t\t\t<\/div>\n\t\t\t\t<\/div>\n\t\t\t\t<div class=\"elementor-element elementor-element-369fb01 elementor-widget elementor-widget-spacer\" data-id=\"369fb01\" data-element_type=\"widget\" data-e-type=\"widget\" data-widget_type=\"spacer.default\">\n\t\t\t\t<div class=\"elementor-widget-container\">\n\t\t\t\t\t\t\t<div class=\"elementor-spacer\">\n\t\t\t<div class=\"elementor-spacer-inner\"><\/div>\n\t\t<\/div>\n\t\t\t\t\t\t<\/div>\n\t\t\t\t<\/div>\n\t\t\t\t<div class=\"elementor-element elementor-element-e0d856a elementor-align-left elementor-mobile-align-center elementor-widget elementor-widget-button\" data-id=\"e0d856a\" data-element_type=\"widget\" data-e-type=\"widget\" data-widget_type=\"button.default\">\n\t\t\t\t<div class=\"elementor-widget-container\">\n\t\t\t\t\t\t\t\t\t<div class=\"elementor-button-wrapper\">\n\t\t\t\t\t<a class=\"elementor-button elementor-button-link elementor-size-md\" href=\"#\">\n\t\t\t\t\t\t<span class=\"elementor-button-content-wrapper\">\n\t\t\t\t\t\t\t\t\t<span class=\"elementor-button-text\">Lire la suite<\/span>\n\t\t\t\t\t<\/span>\n\t\t\t\t\t<\/a>\n\t\t\t\t<\/div>\n\t\t\t\t\t\t\t\t<\/div>\n\t\t\t\t<\/div>\n\t\t\t\t<div class=\"elementor-element elementor-element-959222c elementor-align-left elementor-mobile-align-center elementor-widget elementor-widget-button\" data-id=\"959222c\" data-element_type=\"widget\" data-e-type=\"widget\" data-widget_type=\"button.default\">\n\t\t\t\t<div class=\"elementor-widget-container\">\n\t\t\t\t\t\t\t\t\t<div class=\"elementor-button-wrapper\">\n\t\t\t\t\t<a class=\"elementor-button elementor-button-link elementor-size-md\" href=\"#\">\n\t\t\t\t\t\t<span class=\"elementor-button-content-wrapper\">\n\t\t\t\t\t\t\t\t\t<span class=\"elementor-button-text\">Lire moins<\/span>\n\t\t\t\t\t<\/span>\n\t\t\t\t\t<\/a>\n\t\t\t\t<\/div>\n\t\t\t\t\t\t\t\t<\/div>\n\t\t\t\t<\/div>\n\t\t\t\t\t<\/div>\n\t\t<\/div>\n\t\t\t\t<div class=\"elementor-column elementor-col-50 elementor-inner-column elementor-element elementor-element-d4122fb\" data-id=\"d4122fb\" data-element_type=\"column\" data-e-type=\"column\">\n\t\t\t<div class=\"elementor-widget-wrap elementor-element-populated\">\n\t\t\t\t\t\t<div class=\"elementor-element elementor-element-b64d9aa nature-img  elementor-widget elementor-widget-image\" data-id=\"b64d9aa\" data-element_type=\"widget\" data-e-type=\"widget\" data-widget_type=\"image.default\">\n\t\t\t\t<div class=\"elementor-widget-container\">\n\t\t\t\t\t\t\t\t\t\t\t\t\t\t\t<img fetchpriority=\"high\" decoding=\"async\" width=\"1280\" height=\"853\" src=\"https:\/\/akchourermitage.com\/home\/wp-content\/uploads\/2022\/03\/Ahmed-Saad-Zniber.jpeg\" class=\"attachment-full size-full wp-image-1706\" alt=\"\" srcset=\"https:\/\/akchourermitage.com\/home\/wp-content\/uploads\/2022\/03\/Ahmed-Saad-Zniber.jpeg 1280w, https:\/\/akchourermitage.com\/home\/wp-content\/uploads\/2022\/03\/Ahmed-Saad-Zniber-300x200.jpeg 300w, https:\/\/akchourermitage.com\/home\/wp-content\/uploads\/2022\/03\/Ahmed-Saad-Zniber-1024x682.jpeg 1024w, https:\/\/akchourermitage.com\/home\/wp-content\/uploads\/2022\/03\/Ahmed-Saad-Zniber-768x512.jpeg 768w\" sizes=\"(max-width: 1280px) 100vw, 1280px\" \/>\t\t\t\t\t\t\t\t\t\t\t\t\t\t\t<\/div>\n\t\t\t\t<\/div>\n\t\t\t\t\t<\/div>\n\t\t<\/div>\n\t\t\t\t\t<\/div>\n\t\t<\/section>\n\t\t\t\t\t<\/div>\n\t\t<\/div>\n\t\t\t\t\t<\/div>\n\t\t<\/section>\n\t\t\t\t<\/div>","protected":false},"excerpt":{"rendered":"<p>\u201cWhat you seek is seeking you\u201d L\u2019Ermitage is a special and sacred land. It is a Soul Sanctuary. A place to turn your journey inward to become a meaningful explorer of yourself, to find a more profound connection to our planet. We welcome you Home, to find serenity, where the surroundings melt into one another [&hellip;]<\/p>\n","protected":false},"author":4,"featured_media":0,"parent":0,"menu_order":0,"comment_status":"closed","ping_status":"closed","template":"","meta":{"footnotes":""},"class_list":["post-1053","page","type-page","status-publish","hentry"],"_links":{"self":[{"href":"https:\/\/akchourermitage.com\/home\/fr\/wp-json\/wp\/v2\/pages\/1053","targetHints":{"allow":["GET"]}}],"collection":[{"href":"https:\/\/akchourermitage.com\/home\/fr\/wp-json\/wp\/v2\/pages"}],"about":[{"href":"https:\/\/akchourermitage.com\/home\/fr\/wp-json\/wp\/v2\/types\/page"}],"author":[{"embeddable":true,"href":"https:\/\/akchourermitage.com\/home\/fr\/wp-json\/wp\/v2\/users\/4"}],"replies":[{"embeddable":true,"href":"https:\/\/akchourermitage.com\/home\/fr\/wp-json\/wp\/v2\/comments?post=1053"}],"version-history":[{"count":39,"href":"https:\/\/akchourermitage.com\/home\/fr\/wp-json\/wp\/v2\/pages\/1053\/revisions"}],"predecessor-version":[{"id":3667,"href":"https:\/\/akchourermitage.com\/home\/fr\/wp-json\/wp\/v2\/pages\/1053\/revisions\/3667"}],"wp:attachment":[{"href":"https:\/\/akchourermitage.com\/home\/fr\/wp-json\/wp\/v2\/media?parent=1053"}],"curies":[{"name":"wp","href":"https:\/\/api.w.org\/{rel}","templated":true}]}}